{"id":897,"date":"2016-12-06T20:34:36","date_gmt":"2016-12-06T20:34:36","guid":{"rendered":"http:\/\/spectors.eu\/wordpress\/?page_id=897"},"modified":"2018-01-21T22:49:04","modified_gmt":"2018-01-21T21:49:04","slug":"impressum","status":"publish","type":"page","link":"https:\/\/spectors.eu\/wordpress\/impressum\/","title":{"rendered":"Impressum"},"content":{"rendered":"<h1>Impressum<\/h1>\n<h2>Angaben gem\u00e4\u00df \u00a7 5 TMG:<\/h2>\n<p>Hochschule Rhein-Waal<br \/>\nFakult\u00e4t Kommunikation ud Umwelt<br \/>\nFriedrich-Heinrich-Allee 25<br \/>\n47475 Kamp-Lintfort<\/p>\n<h2>Vertreten durch:<\/h2>\n<p>Die Hochschule Rhein-Waal ist eine K\u00f6rperschaft des \u00d6ffentlichen Rechts. Sie wird durch das Pr\u00e4sidium gesetzlich vertreten.<\/p>\n<h2>Kontakt:<\/h2>\n<table>\n<tbody>\n<tr>\n<td>Telefon:<\/td>\n<td>+49 (0)2842 908 25 -294<\/td>\n<\/tr>\n<tr>\n<td>E-Mail:<\/td>\n<td>rolf.becker@hsrw.eu<\/td>\n<\/tr>\n<\/tbody>\n<\/table>\n<h2>Umsatzsteuer-ID:<\/h2>\n<p>Umsatzsteuer-Identifikationsnummer gem\u00e4\u00df \u00a727 a Umsatzsteuergesetz:<br \/>\nDE815145426<\/p>\n<h2>Aufsichtsbeh\u00f6rde:<\/h2>\n<p>Ministerium f\u00fcr Innovation, Wissenschaft und Forschung des Landes Nordrhein-Westfalen (MIWF) V\u00f6lklinger Stra\u00dfe 49, 40221 D\u00fcsseldorf<\/p>\n<h2>Verantwortlich f\u00fcr den Inhalt nach \u00a7 55 Abs. 2 RStV:<\/h2>\n<p>Rolf Becker<\/p>\n<p>Quelle: <em><a href=\"https:\/\/www.e-recht24.de\">https:\/\/www.e-recht24.de<\/a><\/em><\/p>\n","protected":false},"excerpt":{"rendered":"<p>Impressum Angaben gem\u00e4\u00df \u00a7 5 TMG: Hochschule Rhein-Waal Fakult\u00e4t Kommunikation ud Umwelt Friedrich-Heinrich-Allee 25 47475 Kamp-Lintfort Vertreten durch: Die Hochschule Rhein-Waal ist eine K\u00f6rperschaft des \u00d6ffentlichen Rechts. Sie wird durch das Pr\u00e4sidium gesetzlich vertreten. Kontakt: Telefon: +49 (0)2842 908 25 -294 E-Mail: rolf.becker@hsrw.eu Umsatzsteuer-ID: Umsatzsteuer-Identifikationsnummer gem\u00e4\u00df \u00a727 a Umsatzsteuergesetz: DE815145426 Aufsichtsbeh\u00f6rde: Ministerium f\u00fcr Innovation, Wissenschaft&#8230;<\/p>\n","protected":false},"author":1,"featured_media":0,"parent":0,"menu_order":0,"comment_status":"closed","ping_status":"closed","template":"","meta":{"footnotes":""},"class_list":["post-897","page","type-page","status-publish","hentry"],"_links":{"self":[{"href":"https:\/\/spectors.eu\/wordpress\/wp-json\/wp\/v2\/pages\/897","targetHints":{"allow":["GET"]}}],"collection":[{"href":"https:\/\/spectors.eu\/wordpress\/wp-json\/wp\/v2\/pages"}],"about":[{"href":"https:\/\/spectors.eu\/wordpress\/wp-json\/wp\/v2\/types\/page"}],"author":[{"embeddable":true,"href":"https:\/\/spectors.eu\/wordpress\/wp-json\/wp\/v2\/users\/1"}],"replies":[{"embeddable":true,"href":"https:\/\/spectors.eu\/wordpress\/wp-json\/wp\/v2\/comments?post=897"}],"version-history":[{"count":3,"href":"https:\/\/spectors.eu\/wordpress\/wp-json\/wp\/v2\/pages\/897\/revisions"}],"predecessor-version":[{"id":900,"href":"https:\/\/spectors.eu\/wordpress\/wp-json\/wp\/v2\/pages\/897\/revisions\/900"}],"wp:attachment":[{"href":"https:\/\/spectors.eu\/wordpress\/wp-json\/wp\/v2\/media?parent=897"}],"curies":[{"name":"wp","href":"https:\/\/api.w.org\/{rel}","templated":true}]}}